{"id":1556,"date":"2021-06-29T13:09:56","date_gmt":"2021-06-29T13:09:56","guid":{"rendered":"http:\/\/esde.nu\/?page_id=1556"},"modified":"2021-06-29T13:09:56","modified_gmt":"2021-06-29T13:09:56","slug":"werknemerspensioen","status":"publish","type":"page","link":"https:\/\/esde.nu\/index.php\/werknemerspensioen\/","title":{"rendered":"Werknemerspensioen"},"content":{"rendered":"<section class=\"av_textblock_section \"  itemscope=\"itemscope\" itemtype=\"https:\/\/schema.org\/CreativeWork\" ><div class='avia_textblock  '   itemprop=\"text\" ><p class=\"field-title\"><strong>Goed pensioen voor uw werknemers<\/strong><\/p>\n<p>U bent niet verplicht om uw werknemers een pensioenregeling aan te bieden. Maar met een goede pensioenregeling maakt u uw bedrijf wel extra aantrekkelijk als werkgever! Kies daarom voor een goed pensioen voor uw werknemers samen met Spaak Assuranti\u00ebn, d\u00e9 pensioenspecialist van Groningen en omstreken.<\/p>\n<div class=\"bodytxt\">\n<p><strong>Pensioenadvies: zo maakt u de beste keuze<\/strong><\/p>\n<p>Goed pensioenadvies is een absolute must: de regelingen rond pensioen zijn immers niet eenvoudig. Spaak Assuranti\u00ebn legt u graag uit welke mogelijkheden er zijn. We kijken naar het budget dat u beschikbaar heeft, welk pensioensysteem het beste past bij uw onderneming en waar u het pensioen het beste kunt onderbrengen. Met ons pensioenadvies komt u tot de beste pensioenregeling voor uw werknemers.<\/p>\n<p><strong>Vragen over het pensioen van uw werknemers?<\/strong><\/p>\n<p>De praktijk leert dat zowel werkgevers als werknemers veel vragen hebben over hun pensioenregeling. Kan ik eerder met pensioen? Wat gebeurt er bij overlijden? Als pensioenspecialist staat Spaak Assuranti\u00ebn altijd voor u klaar om uw vragen over pensioen te beantwoorden. Bel (050) 571 80 07 voor een verhelderend gesprek met \u00e9\u00e9n van onze pensioenadviseurs.<\/p>\n<\/div>\n<\/div><\/section>\n","protected":false},"excerpt":{"rendered":"","protected":false},"author":1,"featured_media":0,"parent":0,"menu_order":0,"comment_status":"closed","ping_status":"closed","template":"","meta":{"footnotes":""},"class_list":["post-1556","page","type-page","status-publish","hentry"],"_links":{"self":[{"href":"https:\/\/esde.nu\/index.php\/wp-json\/wp\/v2\/pages\/1556","targetHints":{"allow":["GET"]}}],"collection":[{"href":"https:\/\/esde.nu\/index.php\/wp-json\/wp\/v2\/pages"}],"about":[{"href":"https:\/\/esde.nu\/index.php\/wp-json\/wp\/v2\/types\/page"}],"author":[{"embeddable":true,"href":"https:\/\/esde.nu\/index.php\/wp-json\/wp\/v2\/users\/1"}],"replies":[{"embeddable":true,"href":"https:\/\/esde.nu\/index.php\/wp-json\/wp\/v2\/comments?post=1556"}],"version-history":[{"count":1,"href":"https:\/\/esde.nu\/index.php\/wp-json\/wp\/v2\/pages\/1556\/revisions"}],"predecessor-version":[{"id":1558,"href":"https:\/\/esde.nu\/index.php\/wp-json\/wp\/v2\/pages\/1556\/revisions\/1558"}],"wp:attachment":[{"href":"https:\/\/esde.nu\/index.php\/wp-json\/wp\/v2\/media?parent=1556"}],"curies":[{"name":"wp","href":"https:\/\/api.w.org\/{rel}","templated":true}]}}